{"id":1004,"date":"2025-10-12T20:28:33","date_gmt":"2025-10-12T20:28:33","guid":{"rendered":"https:\/\/dillonarchitectureanddesign.com\/?page_id=1004"},"modified":"2026-03-06T00:03:31","modified_gmt":"2026-03-06T00:03:31","slug":"dillonarchitectureanddesign-com-2","status":"publish","type":"page","link":"https:\/\/dillonarchitectureanddesign.com\/?page_id=1004","title":{"rendered":"dillonarchitectureanddesign.com"},"content":{"rendered":"<style id=\"wpforms-css-vars-248-block-5124c2de-a75b-4a98-b068-21b19e8e9dd5\">\n\t\t\t\t#wpforms-248.wpforms-block-5124c2de-a75b-4a98-b068-21b19e8e9dd5 {\n\t\t\t\t--wpforms-field-size-input-height: 43px;\n--wpforms-field-size-input-spacing: 15px;\n--wpforms-field-size-font-size: 16px;\n--wpforms-field-size-line-height: 19px;\n--wpforms-field-size-padding-h: 14px;\n--wpforms-field-size-checkbox-size: 16px;\n--wpforms-field-size-sublabel-spacing: 5px;\n--wpforms-field-size-icon-size: 1;\n--wpforms-label-size-font-size: 16px;\n--wpforms-label-size-line-height: 19px;\n--wpforms-label-size-sublabel-font-size: 14px;\n--wpforms-label-size-sublabel-line-height: 17px;\n--wpforms-button-size-font-size: 17px;\n--wpforms-button-size-height: 41px;\n--wpforms-button-size-padding-h: 15px;\n--wpforms-button-size-margin-top: 10px;\n\t\t\t}\n\t\t\t<\/style><div class=\"wpforms-container wpforms-container-full wpforms-block wpforms-block-5124c2de-a75b-4a98-b068-21b19e8e9dd5 wpforms-render-modern\" id=\"wpforms-248\"><form id=\"wpforms-form-248\" class=\"wpforms-validate wpforms-form wpforms-ajax-form\" data-formid=\"248\" method=\"post\" enctype=\"multipart\/form-data\" action=\"\/index.php?rest_route=%2Fwp%2Fv2%2Fpages%2F1004\" data-token=\"121360e8d42f0e3b3fd77524f9c10d72\" data-token-time=\"1776760775\"><noscript class=\"wpforms-error-noscript\">Please enable JavaScript in your browser to complete this form.<\/noscript><div id=\"wpforms-error-noscript\" style=\"display: none;\">Please enable JavaScript in your browser to complete this form.<\/div><div class=\"wpforms-field-container\"><div id=\"wpforms-248-field_1-container\" class=\"wpforms-field wpforms-field-name\" data-field-id=\"1\"><fieldset><legend class=\"wpforms-field-label\">Name \/ Nombre: <span class=\"wpforms-required-label\" aria-hidden=\"true\">*<\/span><\/legend><div class=\"wpforms-field-row wpforms-field-medium\"><div class=\"wpforms-field-row-block wpforms-first wpforms-two-fifths\"><input type=\"text\" id=\"wpforms-248-field_1\" class=\"wpforms-field-name-first wpforms-field-required\" name=\"wpforms[fields][1][first]\" aria-errormessage=\"wpforms-248-field_1-error\" required><label for=\"wpforms-248-field_1\" class=\"wpforms-field-sublabel after\">First<\/label><\/div><div class=\"wpforms-field-row-block wpforms-one-fifth\"><input type=\"text\" id=\"wpforms-248-field_1-middle\" class=\"wpforms-field-name-middle\" name=\"wpforms[fields][1][middle]\" aria-errormessage=\"wpforms-248-field_1-middle-error\" ><label for=\"wpforms-248-field_1-middle\" class=\"wpforms-field-sublabel after\">Middle<\/label><\/div><div class=\"wpforms-field-row-block wpforms-two-fifths\"><input type=\"text\" id=\"wpforms-248-field_1-last\" class=\"wpforms-field-name-last wpforms-field-required\" name=\"wpforms[fields][1][last]\" aria-errormessage=\"wpforms-248-field_1-last-error\" required><label for=\"wpforms-248-field_1-last\" class=\"wpforms-field-sublabel after\">Last<\/label><\/div><\/div><\/fieldset><\/div><div id=\"wpforms-248-field_54-container\" class=\"wpforms-field wpforms-field-number\" data-field-id=\"54\"><label class=\"wpforms-field-label\" for=\"wpforms-248-field_54\">Phone \/ Tel\u00e9fono: <span class=\"wpforms-required-label\" aria-hidden=\"true\">*<\/span><\/label><input type=\"number\" id=\"wpforms-248-field_54\" class=\"wpforms-field-medium wpforms-field-required\" name=\"wpforms[fields][54]\" step=\"any\" aria-errormessage=\"wpforms-248-field_54-error\" required><\/div><div id=\"wpforms-248-field_80-container\" class=\"wpforms-field wpforms-field-email\" data-field-id=\"80\"><label class=\"wpforms-field-label\" for=\"wpforms-248-field_80\">Email \/ Correo Electr\u00f3nico: <span class=\"wpforms-required-label\" aria-hidden=\"true\">*<\/span><\/label><input type=\"email\" id=\"wpforms-248-field_80\" class=\"wpforms-field-medium wpforms-field-required\" name=\"wpforms[fields][80]\" spellcheck=\"false\" aria-errormessage=\"wpforms-248-field_80-error\" required><\/div><div id=\"wpforms-248-field_82-container\" class=\"wpforms-field wpforms-field-textarea\" data-field-id=\"82\"><label class=\"wpforms-field-label\" for=\"wpforms-248-field_82\">Project Address \/ Direcci\u00f3n del Proyecto: <span class=\"wpforms-required-label\" aria-hidden=\"true\">*<\/span><\/label><textarea id=\"wpforms-248-field_82\" class=\"wpforms-field-medium wpforms-field-required\" name=\"wpforms[fields][82]\" aria-errormessage=\"wpforms-248-field_82-error\" required><\/textarea><\/div><div id=\"wpforms-248-field_81-container\" class=\"wpforms-field wpforms-field-textarea\" data-field-id=\"81\"><label class=\"wpforms-field-label\" for=\"wpforms-248-field_81\">City &amp; State \/ Ciudad y Estado:<\/label><textarea id=\"wpforms-248-field_81\" class=\"wpforms-field-medium\" name=\"wpforms[fields][81]\" aria-errormessage=\"wpforms-248-field_81-error\" ><\/textarea><\/div><div id=\"wpforms-248-field_72-container\" class=\"wpforms-field wpforms-field-textarea\" data-field-id=\"72\"><label class=\"wpforms-field-label\" for=\"wpforms-248-field_72\">Parcel or Lot Number (if known) \/ N\u00famero de Parcela (si aplica):<\/label><textarea id=\"wpforms-248-field_72\" class=\"wpforms-field-medium\" name=\"wpforms[fields][72]\" aria-errormessage=\"wpforms-248-field_72-error\" ><\/textarea><\/div><div id=\"wpforms-248-field_79-container\" class=\"wpforms-field wpforms-field-textarea\" data-field-id=\"79\"><label class=\"wpforms-field-label\" for=\"wpforms-248-field_79\">Project Purpose \/ Prop\u00f3sito del Proyecto<\/label><textarea id=\"wpforms-248-field_79\" class=\"wpforms-field-medium\" name=\"wpforms[fields][79]\" aria-errormessage=\"wpforms-248-field_79-error\" aria-describedby=\"wpforms-248-field_79-description\" ><\/textarea><div id=\"wpforms-248-field_79-description\" class=\"wpforms-field-description\">What is the main goal of this project? \/ \u00bfCu\u00e1l es el objetivo principal de este proyecto? What problem are you trying to solve? \/ \u00bfQu\u00e9 problema necesita resolver?<\/div><\/div><div id=\"wpforms-248-field_73-container\" class=\"wpforms-field wpforms-field-textarea\" data-field-id=\"73\"><label class=\"wpforms-field-label\" for=\"wpforms-248-field_73\">Program Requirements \/ Requerimientos del Programa<\/label><textarea id=\"wpforms-248-field_73\" class=\"wpforms-field-medium\" name=\"wpforms[fields][73]\" aria-errormessage=\"wpforms-248-field_73-error\" aria-describedby=\"wpforms-248-field_73-description\" ><\/textarea><div id=\"wpforms-248-field_73-description\" class=\"wpforms-field-description\">Target Square Footage \/ Metraje Cuadrado Deseado:\nNumber of Floors \/ N\u00famero de Pisos:\nBedrooms \/ Dormitorios:\nBathrooms \/ Ba\u00f1os:\nAdditional Spaces \/ Espacios Adicionales: Office \/ Garage \/ In\u2011Law Suite \/ Storage \/ Other\n\n<\/div><\/div><div id=\"wpforms-248-field_47-container\" class=\"wpforms-field wpforms-field-textarea\" data-field-id=\"47\"><label class=\"wpforms-field-label\" for=\"wpforms-248-field_47\">Intended Use \/ Uso Previsto<\/label><textarea id=\"wpforms-248-field_47\" class=\"wpforms-field-medium\" name=\"wpforms[fields][47]\" aria-errormessage=\"wpforms-248-field_47-error\" aria-describedby=\"wpforms-248-field_47-description\" ><\/textarea><div id=\"wpforms-248-field_47-description\" class=\"wpforms-field-description\">Primary Residence \/ Residencia Principal Long\u2011Term Rental \/ Alquiler a Largo Plazo Short\u2011Term Rental (Airbnb) \/ Alquiler a Corto Plazo Mixed Use \/ Uso Mixto Other \/ Otro\n\n<\/div><\/div><div id=\"wpforms-248-field_74-container\" class=\"wpforms-field wpforms-field-textarea\" data-field-id=\"74\"><label class=\"wpforms-field-label\" for=\"wpforms-248-field_74\">Budget &amp; Timeline \/ Presupuesto y Cronograma<\/label><textarea id=\"wpforms-248-field_74\" class=\"wpforms-field-medium\" name=\"wpforms[fields][74]\" aria-errormessage=\"wpforms-248-field_74-error\" aria-describedby=\"wpforms-248-field_74-description\" ><\/textarea><div id=\"wpforms-248-field_74-description\" class=\"wpforms-field-description\">Budget Range \/ Rango de Presupuesto: Timeline or Deadlines \/ Tiempo Estimado o Fechas L\u00edmite:\n<\/div><\/div><div id=\"wpforms-248-field_75-container\" class=\"wpforms-field wpforms-field-textarea\" data-field-id=\"75\"><label class=\"wpforms-field-label\" for=\"wpforms-248-field_75\">Existing Documentation \/ Documentaci\u00f3n Existente<\/label><textarea id=\"wpforms-248-field_75\" class=\"wpforms-field-medium\" name=\"wpforms[fields][75]\" aria-errormessage=\"wpforms-248-field_75-error\" aria-describedby=\"wpforms-248-field_75-description\" ><\/textarea><div id=\"wpforms-248-field_75-description\" class=\"wpforms-field-description\">Site Survey \/ Plano del Sitio As\u2011Built Drawings \/ Planos \u201cAs\u2011Built\u201d Construction Documents \/ Documentos de Construcci\u00f3n Utility Maps \/ Mapas de Servicios P\u00fablicos Photos of Existing Conditions \/ Fotos de Condiciones Existentes\n<\/div><\/div><div id=\"wpforms-248-field_76-container\" class=\"wpforms-field wpforms-field-textarea\" data-field-id=\"76\"><label class=\"wpforms-field-label\" for=\"wpforms-248-field_76\">Utilities &amp; Systems \/ Servicios y Sistemas<\/label><textarea id=\"wpforms-248-field_76\" class=\"wpforms-field-medium\" name=\"wpforms[fields][76]\" aria-errormessage=\"wpforms-248-field_76-error\" aria-describedby=\"wpforms-248-field_76-description\" ><\/textarea><div id=\"wpforms-248-field_76-description\" class=\"wpforms-field-description\">Water: City or Well \/ Agua: Ciudad o Pozo Sewer: City or Septic \/ Alcantarillado: Ciudad o S\u00e9ptico Electric: Overhead or Underground \/ Electricidad: A\u00e9rea o Subterr\u00e1nea Gas Availability \/ Disponibilidad de Gas: Heating &amp; Cooling Preference \/ Preferencia de Calefacci\u00f3n y Refrigeraci\u00f3n\n<\/div><\/div><div id=\"wpforms-248-field_77-container\" class=\"wpforms-field wpforms-field-textarea\" data-field-id=\"77\"><label class=\"wpforms-field-label\" for=\"wpforms-248-field_77\">Design Preferences \/ Preferencias de Dise\u00f1o<\/label><textarea id=\"wpforms-248-field_77\" class=\"wpforms-field-medium\" name=\"wpforms[fields][77]\" aria-errormessage=\"wpforms-248-field_77-error\" aria-describedby=\"wpforms-248-field_77-description\" ><\/textarea><div id=\"wpforms-248-field_77-description\" class=\"wpforms-field-description\">Architectural Style \/ Estilo Arquitect\u00f3nico: Modern \/ Minimal \/ Traditional \/ Transitional Moderno \/ Minimalista \/ Tradicional \/ Transicional Material Preferences \/ Preferencias de Materiales: Must\u2011Have Features \/ Caracter\u00edsticas Imprescindibles:\n<\/div><\/div><div id=\"wpforms-248-field_78-container\" class=\"wpforms-field wpforms-field-textarea\" data-field-id=\"78\"><label class=\"wpforms-field-label\" for=\"wpforms-248-field_78\">How Did You Hear About Us? \/ \u00bfC\u00f3mo se Enter\u00f3 de Nosotros?<\/label><textarea id=\"wpforms-248-field_78\" class=\"wpforms-field-medium\" name=\"wpforms[fields][78]\" aria-errormessage=\"wpforms-248-field_78-error\" aria-describedby=\"wpforms-248-field_78-description\" ><\/textarea><div id=\"wpforms-248-field_78-description\" class=\"wpforms-field-description\">Referral \/ Referencia Online Search \/ B\u00fasqueda en L\u00ednea Social Media \/ Redes Sociales Returning Client \/ Cliente Recurrente Other \/ Otro<\/div><\/div><div id=\"wpforms-248-field_84-container\" class=\"wpforms-field wpforms-field-textarea\" data-field-id=\"84\"><label class=\"wpforms-field-label\" for=\"wpforms-248-field_84\">How involved would you like to be as we move through the design process? \u00bfQu\u00e9 tan involucrado le gustar\u00eda estar mientras avanzamos en el proceso de dise\u00f1o?<\/label><textarea id=\"wpforms-248-field_84\" class=\"wpforms-field-medium\" name=\"wpforms[fields][84]\" aria-errormessage=\"wpforms-248-field_84-error\" ><\/textarea><\/div><\/div><!-- .wpforms-field-container --><div class=\"wpforms-submit-container\" ><input type=\"hidden\" name=\"wpforms[id]\" value=\"248\"><input type=\"hidden\" name=\"page_title\" value=\"\"><input type=\"hidden\" name=\"page_url\" value=\"https:\/\/dillonarchitectureanddesign.com\/index.php?rest_route=\/wp\/v2\/pages\/1004\"><input type=\"hidden\" name=\"url_referer\" value=\"\"><button type=\"submit\" name=\"wpforms[submit]\" id=\"wpforms-submit-248\" class=\"wpforms-submit\" data-alt-text=\"Sending...\" data-submit-text=\"Submit\" aria-live=\"assertive\" value=\"wpforms-submit\">Submit<\/button><img decoding=\"async\" src=\"https:\/\/dillonarchitectureanddesign.com\/wp-content\/plugins\/wpforms-lite\/assets\/images\/submit-spin.svg\" class=\"wpforms-submit-spinner\" style=\"display: none;\" width=\"26\" height=\"26\" alt=\"Loading\"><\/div><\/form><\/div>  <!-- .wpforms-container -->","protected":false},"excerpt":{"rendered":"","protected":false},"author":1,"featured_media":0,"parent":0,"menu_order":0,"comment_status":"closed","ping_status":"closed","template":"","meta":{"om_disable_all_campaigns":false,"_monsterinsights_skip_tracking":false,"_monsterinsights_sitenote_active":false,"_monsterinsights_sitenote_note":"","_monsterinsights_sitenote_category":0,"footnotes":""},"class_list":["post-1004","page","type-page","status-publish","hentry"],"_links":{"self":[{"href":"https:\/\/dillonarchitectureanddesign.com\/index.php?rest_route=\/wp\/v2\/pages\/1004","targetHints":{"allow":["GET"]}}],"collection":[{"href":"https:\/\/dillonarchitectureanddesign.com\/index.php?rest_route=\/wp\/v2\/pages"}],"about":[{"href":"https:\/\/dillonarchitectureanddesign.com\/index.php?rest_route=\/wp\/v2\/types\/page"}],"author":[{"embeddable":true,"href":"https:\/\/dillonarchitectureanddesign.com\/index.php?rest_route=\/wp\/v2\/users\/1"}],"replies":[{"embeddable":true,"href":"https:\/\/dillonarchitectureanddesign.com\/index.php?rest_route=%2Fwp%2Fv2%2Fcomments&post=1004"}],"version-history":[{"count":2,"href":"https:\/\/dillonarchitectureanddesign.com\/index.php?rest_route=\/wp\/v2\/pages\/1004\/revisions"}],"predecessor-version":[{"id":1444,"href":"https:\/\/dillonarchitectureanddesign.com\/index.php?rest_route=\/wp\/v2\/pages\/1004\/revisions\/1444"}],"wp:attachment":[{"href":"https:\/\/dillonarchitectureanddesign.com\/index.php?rest_route=%2Fwp%2Fv2%2Fmedia&parent=1004"}],"curies":[{"name":"wp","href":"https:\/\/api.w.org\/{rel}","templated":true}]}}